{"id":192,"date":"2023-04-02T20:40:23","date_gmt":"2023-04-02T18:40:23","guid":{"rendered":"https:\/\/muziekpers-pressemusicale.be\/?page_id=192"},"modified":"2026-04-17T19:21:48","modified_gmt":"2026-04-17T17:21:48","slug":"cecilia-prijzen","status":"publish","type":"page","link":"https:\/\/muziekpers-pressemusicale.be\/fr\/cecilia-prijzen\/","title":{"rendered":"Prix Caecilia"},"content":{"rendered":"<div data-elementor-type=\"wp-page\" data-elementor-id=\"192\" class=\"elementor elementor-192\" data-elementor-post-type=\"page\">\n\t\t\t\t\t\t<section class=\"elementor-section elementor-top-section elementor-element elementor-element-4c5e764 elementor-section-boxed elementor-section-height-default elementor-section-height-default\" data-id=\"4c5e764\" data-element_type=\"section\" data-settings=\"{&quot;background_background&quot;:&quot;classic&quot;}\">\n\t\t\t\t\t\t<div class=\"elementor-container elementor-column-gap-default\">\n\t\t\t\t\t<div class=\"elementor-column elementor-col-100 elementor-top-column elementor-element elementor-element-44d4c7c\" data-id=\"44d4c7c\" data-element_type=\"column\">\n\t\t\t<div class=\"elementor-widget-wrap elementor-element-populated\">\n\t\t\t\t\t\t<div class=\"elementor-element elementor-element-e646be3 elementor-widget elementor-widget-heading\" data-id=\"e646be3\" data-element_type=\"widget\" data-widget_type=\"heading.default\">\n\t\t\t\t<div class=\"elementor-widget-container\">\n\t\t\t\t\t<h1 class=\"elementor-heading-title elementor-size-default\">Prix Caecilia<\/h1>\t\t\t\t<\/div>\n\t\t\t\t<\/div>\n\t\t\t\t\t<\/div>\n\t\t<\/div>\n\t\t\t\t\t<\/div>\n\t\t<\/section>\n\t\t\t\t<section class=\"elementor-section elementor-top-section elementor-element elementor-element-d8cc223 elementor-section-boxed elementor-section-height-default elementor-section-height-default\" data-id=\"d8cc223\" data-element_type=\"section\">\n\t\t\t\t\t\t<div class=\"elementor-container elementor-column-gap-default\">\n\t\t\t\t\t<div class=\"elementor-column elementor-col-100 elementor-top-column elementor-element elementor-element-a49d688\" data-id=\"a49d688\" data-element_type=\"column\">\n\t\t\t<div class=\"elementor-widget-wrap elementor-element-populated\">\n\t\t\t\t\t\t<div class=\"elementor-element elementor-element-2ec49aa elementor-widget elementor-widget-text-editor\" data-id=\"2ec49aa\" data-element_type=\"widget\" data-widget_type=\"text-editor.default\">\n\t\t\t\t<div class=\"elementor-widget-container\">\n\t\t\t\t\t\t\t\t\t<p class=\"p1\"><b>Au cours de l\u2019Assembl\u00e9e G\u00e9n\u00e9rale<\/b> <b>extraordinaire<\/b> du 3 novembre 1974, l\u2019Union de la Presse Musicale belge a d\u00e9cid\u00e9 d\u2019attribuer chaque ann\u00e9ee un nombre limit\u00e9 de prix aux meilleurs enregistrements musicaux, quel que soit leur support, ayant \u00e9t\u00e9 mis en vente sur le march\u00e9 belge durant l\u2019ann\u00e9e \u00e9coul\u00e9e.<\/p><p class=\"p2\">Ces prix, destin\u00e9s \u00e0 encourager l\u2019\u00e9dition et la diffusion d\u2019enregistrements de qualit\u00e9, ont \u00e9t\u00e9 baptis\u00e9s\u00a0\u00ab\u00a0Prix Caecilia\u00a0\u00bb.<\/p><p class=\"p2\">Comment l\u2019Union de la Presse Musicale Belge proc\u00e8de-t-elle \u00e0 la d\u00e9signation des laur\u00e9ats\u00a0?<\/p><ol class=\"ol1\"><li class=\"li1\">Chaque membre de l\u2019UPMB envoie la liste de ses CDs et DVDs favoris, publi\u00e9s au cours de l\u2019ann\u00e9e \u00e9coul\u00e9e, avec un minimum de 10 et un maximum de 40 enregistrements.<\/li><li class=\"li1\">Le jury d\u00e9pouille et classe les suffrages et se laisse un d\u00e9lai pour compl\u00e9ter ses informations (commander, r\u00e9partir et \u00e9couter les enregistrements nomin\u00e9s).<\/li><li class=\"li2\">Lors d\u2019une r\u00e9union subs\u00e9quente, 10 enregistrements (CDs et DVDs confondus) sont d\u00e9sign\u00e9s comme Prix Caecilia, auxquels peuvent s\u2019ajouter le Prix Snepvangers, d\u00e9signant une production de musique belge, le Prix Sp\u00e9cial, qui permet de r\u00e9compenser un \u2018coup de c\u0153ur\u2019 du jury, le Prix Albert De Sutter, r\u00e9compensant une \u00e9dition\u00a0historique, ainsi qu\u2019un prix r\u00e9compensant la carri\u00e8re d\u2019un interpr\u00e8te ou compositeur.<\/li><\/ol><p class=\"p1\">Sans \u00e9carter les grandes productions internationales de prestige, le jury des Prix Caecilia s\u2019efforce de mettre \u00e0 l\u2019honneur les nouveaux talents, les r\u00e9pertoires rares, les projets audacieux.<\/p>\t\t\t\t\t\t\t\t<\/div>\n\t\t\t\t<\/div>\n\t\t\t\t\t<\/div>\n\t\t<\/div>\n\t\t\t\t\t<\/div>\n\t\t<\/section>\n\t\t\t\t<section class=\"elementor-section elementor-top-section elementor-element elementor-element-e630593 elementor-section-boxed elementor-section-height-default elementor-section-height-default\" data-id=\"e630593\" data-element_type=\"section\">\n\t\t\t\t\t\t<div class=\"elementor-container elementor-column-gap-default\">\n\t\t\t\t\t<div class=\"elementor-column elementor-col-66 elementor-top-column elementor-element elementor-element-fd5d8b9\" data-id=\"fd5d8b9\" data-element_type=\"column\">\n\t\t\t<div class=\"elementor-widget-wrap elementor-element-populated\">\n\t\t\t\t\t\t<div class=\"elementor-element elementor-element-7de2a50 elementor-widget elementor-widget-elementskit-accordion\" data-id=\"7de2a50\" data-element_type=\"widget\" data-widget_type=\"elementskit-accordion.default\">\n\t\t\t\t<div class=\"elementor-widget-container\">\n\t\t\t\t\t<div class=\"ekit-wid-con\" >\n        <div class=\"elementskit-accordion accoedion-primary\" id=\"accordion-69e52a850915f\">\n\n            \n                <div class=\"elementskit-card active\">\n                    <div class=\"elementskit-card-header\" id=\"primaryHeading-0-7de2a50\">\n                        <a href=\"#collapse-72a083069e52a850915f\" class=\"ekit-accordion--toggler elementskit-btn-link collapsed\" data-ekit-toggle=\"collapse\" data-target=\"#Collapse-72a083069e52a850915f\" aria-expanded=\"true\" aria-controls=\"Collapse-72a083069e52a850915f\">\n                            \n                            <span class=\"ekit-accordion-title\">Prix du Jeune Musicien de l\u2019ann\u00e9e<\/span>\n\n                            \n                                <div class=\"ekit_accordion_icon_group\">\n                                    <div class=\"ekit_accordion_normal_icon\">\n                                        <!-- Normal Icon -->\n\t\t\t\t\t\t\t\t\t\t<i class=\"icon icon-down-arrow1\"><\/i>                                    <\/div>\n\n                                    <div class=\"ekit_accordion_active_icon\">\n                                        <!-- Active Icon -->\n\t\t\t\t\t\t\t\t\t\t<i class=\"icon icon-up-arrow\"><\/i>                                    <\/div>\n                                <\/div>\n\n                            \n                                                    <\/a>\n                    <\/div>\n\n                    <div id=\"Collapse-72a083069e52a850915f\" class=\"show collapse\" aria-labelledby=\"primaryHeading-0-7de2a50\" data-parent=\"#accordion-69e52a850915f\">\n\n                        <div class=\"elementskit-card-body ekit-accordion--content\">\n                            <ul><li>2025: Gwendoline Blondeel<\/li><li>2024: <a href=\"https:\/\/muziekpers-pressemusicale.be\/fr\/cecilia-prijzen-2024\/\">Esther-Elisabeth Rispens<\/a><\/li><li>2023: <a href=\"https:\/\/muziekpers-pressemusicale.be\/fr\/cecilia-prijzen-2023\/\">Maya Levy<\/a><\/li><li>2022: <a href=\"https:\/\/muziekpers-pressemusicale.be\/fr\/cecilia-prijzen-2022\/\">Sarah Bayens<\/a><\/li><li>2021:\u00a0Sarah Defrise<\/li><li>2020: Beniamino Paganini<\/li><li>2019:\u00a0Sylvia Huang<\/li><li>2018: Emma Posman<\/li><li>2017: Florian Noack<\/li><li>2016:\u00a0Reinoud van Mechelen<\/li><li>2015:\u00a0Jodie Devos<\/li><li>2014: Korneel Bernolet<\/li><li>2013:\u00a0Stefan Prins<\/li><li>2012: S\u00e9bastien Walnier<\/li><li>2002: Mikko Franck<\/li><\/ul>                        <\/div>\n\n                    <\/div>\n\n                <\/div><!-- .elementskit-card END -->\n\n                \n                <div class=\"elementskit-card\">\n                    <div class=\"elementskit-card-header\" id=\"primaryHeading-1-7de2a50\">\n                        <a href=\"#collapse-aae4d5469e52a850915f\" class=\"ekit-accordion--toggler elementskit-btn-link collapsed\" data-ekit-toggle=\"collapse\" data-target=\"#Collapse-aae4d5469e52a850915f\" aria-expanded=\"false\" aria-controls=\"Collapse-aae4d5469e52a850915f\">\n                            \n                            <span class=\"ekit-accordion-title\">Prix Snepvanger<\/span>\n\n                            \n                                <div class=\"ekit_accordion_icon_group\">\n                                    <div class=\"ekit_accordion_normal_icon\">\n                                        <!-- Normal Icon -->\n\t\t\t\t\t\t\t\t\t\t<i class=\"icon icon-down-arrow1\"><\/i>                                    <\/div>\n\n                                    <div class=\"ekit_accordion_active_icon\">\n                                        <!-- Active Icon -->\n\t\t\t\t\t\t\t\t\t\t<i class=\"icon icon-up-arrow\"><\/i>                                    <\/div>\n                                <\/div>\n\n                            \n                                                    <\/a>\n                    <\/div>\n\n                    <div id=\"Collapse-aae4d5469e52a850915f\" class=\"collapse\" aria-labelledby=\"primaryHeading-1-7de2a50\" data-parent=\"#accordion-69e52a850915f\">\n\n                        <div class=\"elementskit-card-body ekit-accordion--content\">\n                            <ul><li>2023: Tsilogiannis - <i>S\u2019\u00e9lancer<\/i> (Cypres)<\/li><li>2022:\u00a0Franck\u00a0- Complete Orchestral Works (Philharmonique Royal de Li\u00e8ge Christian Arming, Pierre Bleuse, Gergely Madaras, Herv\u00e9 Niquet, Fran\u00e7ois-Xavier Roth Florian Noack, C\u00e9dric Tiberghien Ch\u0153ur de Radio France, Lionel Show -Fuga Libera)<\/li><li>2021: Lassen - Lieder &amp; M\u00e9lodies (Reinoud Van Mechelen, Anthony Romaniuk - Musique en Wallonie)<\/li><li>2020:\u00a0Bernard Foccroulle\u00a0-\u00a0<i>E vidi quattro stelle<\/i>\u00a0(InAlto - Fuga Libera)<\/li><li>2019:\u00a0<i>A Tribute to Ysa\u00ffe<\/i>\u00a0(Queen Elisabeth Music Chapel - Fuga Libera)<\/li><li>2018:\u00a0Boesmans:\u00a0<i>Pinocchio<\/i>\u00a0(Orchestre Symphonique de la Monnaie - Cypr\u00e8s)<\/li><li>2015:\u00a0Boesmans:\u00a0<i>Au Monde<\/i>\u00a0(Orchestre Symphonique de la Monnaie - Cypr\u00e8s)<\/li><li>2014:\u00a0Ysa\u00ffe\u00a0-\u00a0<i>The Complete Sonatas for Violin, Sonata for 2 Violin<\/i>\u00a0(Tedi Papavrami - Zig Zag Territoire)<\/li><li>2008:\u00a0<a title=\"Andr\u00e9 Laporte\" href=\"https:\/\/nl.wikipedia.org\/wiki\/Andr%C3%A9_Laporte\">Andr\u00e9 Laporte<\/a><\/li><\/ul>                        <\/div>\n\n                    <\/div>\n\n                <\/div><!-- .elementskit-card END -->\n\n                \n                <div class=\"elementskit-card\">\n                    <div class=\"elementskit-card-header\" id=\"primaryHeading-2-7de2a50\">\n                        <a href=\"#collapse-d09f58169e52a850915f\" class=\"ekit-accordion--toggler elementskit-btn-link collapsed\" data-ekit-toggle=\"collapse\" data-target=\"#Collapse-d09f58169e52a850915f\" aria-expanded=\"false\" aria-controls=\"Collapse-d09f58169e52a850915f\">\n                            \n                            <span class=\"ekit-accordion-title\">Prix pour l\u2019ensemble de sa carri\u00e8re<\/span>\n\n                            \n                                <div class=\"ekit_accordion_icon_group\">\n                                    <div class=\"ekit_accordion_normal_icon\">\n                                        <!-- Normal Icon -->\n\t\t\t\t\t\t\t\t\t\t<i class=\"icon icon-down-arrow1\"><\/i>                                    <\/div>\n\n                                    <div class=\"ekit_accordion_active_icon\">\n                                        <!-- Active Icon -->\n\t\t\t\t\t\t\t\t\t\t<i class=\"icon icon-up-arrow\"><\/i>                                    <\/div>\n                                <\/div>\n\n                            \n                                                    <\/a>\n                    <\/div>\n\n                    <div id=\"Collapse-d09f58169e52a850915f\" class=\"collapse\" aria-labelledby=\"primaryHeading-2-7de2a50\" data-parent=\"#accordion-69e52a850915f\">\n\n                        <div class=\"elementskit-card-body ekit-accordion--content\">\n                            <ul><li>2022:\u00a0Jacqueline Fontyn<\/li><li>2016:\u00a0Sigiswald Kuijken\u00a0voor zijn inzet voor de Oude muziek<\/li><li>2015: Harry Halbreich<\/li><\/ul>                        <\/div>\n\n                    <\/div>\n\n                <\/div><!-- .elementskit-card END -->\n\n                \n                <div class=\"elementskit-card\">\n                    <div class=\"elementskit-card-header\" id=\"primaryHeading-3-7de2a50\">\n                        <a href=\"#collapse-7cd2db169e52a850915f\" class=\"ekit-accordion--toggler elementskit-btn-link collapsed\" data-ekit-toggle=\"collapse\" data-target=\"#Collapse-7cd2db169e52a850915f\" aria-expanded=\"false\" aria-controls=\"Collapse-7cd2db169e52a850915f\">\n                            \n                            <span class=\"ekit-accordion-title\">Prix \"coup de coeur\"<\/span>\n\n                            \n                                <div class=\"ekit_accordion_icon_group\">\n                                    <div class=\"ekit_accordion_normal_icon\">\n                                        <!-- Normal Icon -->\n\t\t\t\t\t\t\t\t\t\t<i class=\"icon icon-down-arrow1\"><\/i>                                    <\/div>\n\n                                    <div class=\"ekit_accordion_active_icon\">\n                                        <!-- Active Icon -->\n\t\t\t\t\t\t\t\t\t\t<i class=\"icon icon-up-arrow\"><\/i>                                    <\/div>\n                                <\/div>\n\n                            \n                                                    <\/a>\n                    <\/div>\n\n                    <div id=\"Collapse-7cd2db169e52a850915f\" class=\"collapse\" aria-labelledby=\"primaryHeading-3-7de2a50\" data-parent=\"#accordion-69e52a850915f\">\n\n                        <div class=\"elementskit-card-body ekit-accordion--content\">\n                            <ul><li>2025: Farasha (Sindy\u00a0Mohamed, Julien Quentin - BR Klassik)<\/li><li>2025: Claude Debussy - Soirs d\u2019or. Monsieur Debussy, l\u2019\u0153uvre pour piano (Elodie Vignon - Cypres)<\/li><li>2022: Ludwig van Beethoven - Symphonies 6 \u00e0 9 (Sara Gouzy, Laila Salome Fischer, Mingjie Lei, Manuel Walser Le Concert des Nations, La Capella Nacional de Catalunya\u00a0Jordi Savall\u00a0- Alia Vox)<\/li><li>2020:\u00a0Ludwig van Beethoven\u00a0- Int\u00e9grale des Sonates pour piano (Andr\u00e9 De Groote - Et\u2019cetera)<\/li><li>2014:\u00a0<i>La Discoth\u00e8que id\u00e9ale de Diapason II<\/i>\u00a0-\u00a0Fr\u00e9d\u00e9ric Chopin\u00a0(onder leiding van Ga\u00ebtan Naulleau)<\/li><\/ul>                        <\/div>\n\n                    <\/div>\n\n                <\/div><!-- .elementskit-card END -->\n\n                \n                <div class=\"elementskit-card\">\n                    <div class=\"elementskit-card-header\" id=\"primaryHeading-4-7de2a50\">\n                        <a href=\"#collapse-bcb68df69e52a850915f\" class=\"ekit-accordion--toggler elementskit-btn-link collapsed\" data-ekit-toggle=\"collapse\" data-target=\"#Collapse-bcb68df69e52a850915f\" aria-expanded=\"false\" aria-controls=\"Collapse-bcb68df69e52a850915f\">\n                            \n                            <span class=\"ekit-accordion-title\">Prix Albert de Sutter<\/span>\n\n                            \n                                <div class=\"ekit_accordion_icon_group\">\n                                    <div class=\"ekit_accordion_normal_icon\">\n                                        <!-- Normal Icon -->\n\t\t\t\t\t\t\t\t\t\t<i class=\"icon icon-down-arrow1\"><\/i>                                    <\/div>\n\n                                    <div class=\"ekit_accordion_active_icon\">\n                                        <!-- Active Icon -->\n\t\t\t\t\t\t\t\t\t\t<i class=\"icon icon-up-arrow\"><\/i>                                    <\/div>\n                                <\/div>\n\n                            \n                                                    <\/a>\n                    <\/div>\n\n                    <div id=\"Collapse-bcb68df69e52a850915f\" class=\"collapse\" aria-labelledby=\"primaryHeading-4-7de2a50\" data-parent=\"#accordion-69e52a850915f\">\n\n                        <div class=\"elementskit-card-body ekit-accordion--content\">\n                            <ul><li>2023: Alfred Dubois (Musique en Wallonie)<\/li><li>2021:\u00a0Poot\u00a0- Symphonies Nos. 1-7 (Naxos)<\/li><li>2020:\u00a0<i>Masters of the German Baroque<\/i>\u00a0(Ricercar)<\/li><\/ul>                        <\/div>\n\n                    <\/div>\n\n                <\/div><!-- .elementskit-card END -->\n\n                                        <\/div>\n    <\/div>\t\t\t\t<\/div>\n\t\t\t\t<\/div>\n\t\t\t\t\t<\/div>\n\t\t<\/div>\n\t\t\t\t<div class=\"elementor-column elementor-col-33 elementor-top-column elementor-element elementor-element-c404731\" data-id=\"c404731\" data-element_type=\"column\">\n\t\t\t<div class=\"elementor-widget-wrap elementor-element-populated\">\n\t\t\t\t\t\t<div class=\"elementor-element elementor-element-7330d92 elementor-widget elementor-widget-heading\" data-id=\"7330d92\" data-element_type=\"widget\" data-widget_type=\"heading.default\">\n\t\t\t\t<div class=\"elementor-widget-container\">\n\t\t\t\t\t<h4 class=\"elementor-heading-title elementor-size-default\">Mill\u00e9sime<\/h4>\t\t\t\t<\/div>\n\t\t\t\t<\/div>\n\t\t\t\t<div class=\"elementor-element elementor-element-e729759 elementor-widget elementor-widget-elementskit-page-list\" data-id=\"e729759\" data-element_type=\"widget\" data-widget_type=\"elementskit-page-list.default\">\n\t\t\t\t<div class=\"elementor-widget-container\">\n\t\t\t\t\t<div class=\"ekit-wid-con\" >\t\t<div class=\"elementor-icon-list-items row elementor-inline-items\">\n\t\t\t\t\t\t\t<div class=\"elementor-icon-list-item col-lg-12\">\n\t\t\t\t\t\t<a class=\"elementor-repeater-item-481cd3f ekit_badge_left\" href=\"https:\/\/muziekpers-pressemusicale.be\/fr\/cecilia-prijzen-2025\/\">\n\t\t\t\t\t\t\t<div class=\"ekit_page_list_content\">\n\t\t\t\t\t\t\t\t\t\t\t\t\t\t\t\t<span class=\"elementor-icon-list-text\">\n\t\t\t\t\t\t\t\t\t<span class=\"ekit_page_list_title_title\">Prix Caecilia | 2025<\/span>\n\t\t\t\t\t\t\t\t\t\t\t\t\t\t\t\t\t<\/span>\n\t\t\t\t\t\t\t<\/div>\n\t\t\t\t\t\t\t\t\t\t\t\t\t<\/a>\n\t\t\t\t\t<\/div>\n\t\t\t\t\t\t\t\t<div class=\"elementor-icon-list-item col-lg-12\">\n\t\t\t\t\t\t<a class=\"elementor-repeater-item-5767bcd ekit_badge_left\" href=\"https:\/\/muziekpers-pressemusicale.be\/fr\/cecilia-prijzen-2024\/\">\n\t\t\t\t\t\t\t<div class=\"ekit_page_list_content\">\n\t\t\t\t\t\t\t\t\t\t\t\t\t\t\t\t<span class=\"elementor-icon-list-text\">\n\t\t\t\t\t\t\t\t\t<span class=\"ekit_page_list_title_title\">Prix Caecilia | 2024<\/span>\n\t\t\t\t\t\t\t\t\t\t\t\t\t\t\t\t\t<\/span>\n\t\t\t\t\t\t\t<\/div>\n\t\t\t\t\t\t\t\t\t\t\t\t\t<\/a>\n\t\t\t\t\t<\/div>\n\t\t\t\t\t\t\t\t<div class=\"elementor-icon-list-item col-lg-12\">\n\t\t\t\t\t\t<a class=\"elementor-repeater-item-f998b21 ekit_badge_left\" href=\"https:\/\/muziekpers-pressemusicale.be\/fr\/cecilia-prijzen-2023\/\">\n\t\t\t\t\t\t\t<div class=\"ekit_page_list_content\">\n\t\t\t\t\t\t\t\t\t\t\t\t\t\t\t\t<span class=\"elementor-icon-list-text\">\n\t\t\t\t\t\t\t\t\t<span class=\"ekit_page_list_title_title\">Prix Caecilia | 2023<\/span>\n\t\t\t\t\t\t\t\t\t\t\t\t\t\t\t\t\t<\/span>\n\t\t\t\t\t\t\t<\/div>\n\t\t\t\t\t\t\t\t\t\t\t\t\t<\/a>\n\t\t\t\t\t<\/div>\n\t\t\t\t\t\t\t\t<div class=\"elementor-icon-list-item col-lg-12\">\n\t\t\t\t\t\t<a class=\"elementor-repeater-item-66c1089 ekit_badge_left\" href=\"https:\/\/muziekpers-pressemusicale.be\/fr\/cecilia-prijzen-2022\/\">\n\t\t\t\t\t\t\t<div class=\"ekit_page_list_content\">\n\t\t\t\t\t\t\t\t\t\t\t\t\t\t\t\t<span class=\"elementor-icon-list-text\">\n\t\t\t\t\t\t\t\t\t<span class=\"ekit_page_list_title_title\">Prix Caecilia | 2022<\/span>\n\t\t\t\t\t\t\t\t\t\t\t\t\t\t\t\t\t<\/span>\n\t\t\t\t\t\t\t<\/div>\n\t\t\t\t\t\t\t\t\t\t\t\t\t<\/a>\n\t\t\t\t\t<\/div>\n\t\t\t\t\t\t<\/div>\n\t\t<\/div>\t\t\t\t<\/div>\n\t\t\t\t<\/div>\n\t\t\t\t\t<\/div>\n\t\t<\/div>\n\t\t\t\t\t<\/div>\n\t\t<\/section>\n\t\t\t\t<\/div>","protected":false},"excerpt":{"rendered":"<p>Cecilia Prijzen Tijdens de buitengewone Algemene Vergadering van 3 november 1974, besloot de Vereniging van de Belgische Muziekpers om jaarlijks enkele prijzen uit te reiken aan de beste muzikale opnames, ongeacht de muzikale drager of de verkoopcijfers op de Belgische markt van het afgelopen jaar. Deze prijzen, de \u201cCecilia Prijzen\u201d genoemd, willen graag de uitgave [&hellip;]<\/p>","protected":false},"author":1,"featured_media":0,"parent":0,"menu_order":0,"comment_status":"closed","ping_status":"closed","template":"elementor_header_footer","meta":{"footnotes":""},"class_list":["post-192","page","type-page","status-publish","hentry"],"_links":{"self":[{"href":"https:\/\/muziekpers-pressemusicale.be\/fr\/wp-json\/wp\/v2\/pages\/192","targetHints":{"allow":["GET"]}}],"collection":[{"href":"https:\/\/muziekpers-pressemusicale.be\/fr\/wp-json\/wp\/v2\/pages"}],"about":[{"href":"https:\/\/muziekpers-pressemusicale.be\/fr\/wp-json\/wp\/v2\/types\/page"}],"author":[{"embeddable":true,"href":"https:\/\/muziekpers-pressemusicale.be\/fr\/wp-json\/wp\/v2\/users\/1"}],"replies":[{"embeddable":true,"href":"https:\/\/muziekpers-pressemusicale.be\/fr\/wp-json\/wp\/v2\/comments?post=192"}],"version-history":[{"count":72,"href":"https:\/\/muziekpers-pressemusicale.be\/fr\/wp-json\/wp\/v2\/pages\/192\/revisions"}],"predecessor-version":[{"id":1875,"href":"https:\/\/muziekpers-pressemusicale.be\/fr\/wp-json\/wp\/v2\/pages\/192\/revisions\/1875"}],"wp:attachment":[{"href":"https:\/\/muziekpers-pressemusicale.be\/fr\/wp-json\/wp\/v2\/media?parent=192"}],"curies":[{"name":"wp","href":"https:\/\/api.w.org\/{rel}","templated":true}]}}