{"id":1407,"date":"2025-03-12T15:45:33","date_gmt":"2025-03-12T14:45:33","guid":{"rendered":"https:\/\/muziekpers-pressemusicale.be\/?page_id=1407"},"modified":"2025-03-12T15:55:18","modified_gmt":"2025-03-12T14:55:18","slug":"cecilia-prijzen-2024","status":"publish","type":"page","link":"https:\/\/muziekpers-pressemusicale.be\/fr\/cecilia-prijzen-2024\/","title":{"rendered":"Prix Caecilia | 2024"},"content":{"rendered":"<div data-elementor-type=\"wp-page\" data-elementor-id=\"1407\" class=\"elementor elementor-1407\" data-elementor-post-type=\"page\">\n\t\t\t\t\t\t<section class=\"elementor-section elementor-top-section elementor-element elementor-element-99b8b21 elementor-section-boxed elementor-section-height-default elementor-section-height-default\" data-id=\"99b8b21\" data-element_type=\"section\" data-settings=\"{&quot;background_background&quot;:&quot;classic&quot;}\">\n\t\t\t\t\t\t<div class=\"elementor-container elementor-column-gap-default\">\n\t\t\t\t\t<div class=\"elementor-column elementor-col-100 elementor-top-column elementor-element elementor-element-45429de\" data-id=\"45429de\" data-element_type=\"column\">\n\t\t\t<div class=\"elementor-widget-wrap elementor-element-populated\">\n\t\t\t\t\t\t<div class=\"elementor-element elementor-element-3629ddd elementor-widget elementor-widget-heading\" data-id=\"3629ddd\" data-element_type=\"widget\" data-widget_type=\"heading.default\">\n\t\t\t\t<div class=\"elementor-widget-container\">\n\t\t\t\t\t<h1 class=\"elementor-heading-title elementor-size-default\">Prix Caecilia | 2024<\/h1>\t\t\t\t<\/div>\n\t\t\t\t<\/div>\n\t\t\t\t\t<\/div>\n\t\t<\/div>\n\t\t\t\t\t<\/div>\n\t\t<\/section>\n\t\t\t\t<section class=\"elementor-section elementor-top-section elementor-element elementor-element-37dcedc elementor-section-boxed elementor-section-height-default elementor-section-height-default\" data-id=\"37dcedc\" data-element_type=\"section\">\n\t\t\t\t\t\t<div class=\"elementor-container elementor-column-gap-default\">\n\t\t\t\t\t<div class=\"elementor-column elementor-col-66 elementor-top-column elementor-element elementor-element-819fed3\" data-id=\"819fed3\" data-element_type=\"column\">\n\t\t\t<div class=\"elementor-widget-wrap elementor-element-populated\">\n\t\t\t\t\t\t<div class=\"elementor-element elementor-element-b090040 elementor-widget elementor-widget-spacer\" data-id=\"b090040\" data-element_type=\"widget\" data-widget_type=\"spacer.default\">\n\t\t\t\t<div class=\"elementor-widget-container\">\n\t\t\t\t\t\t\t<div class=\"elementor-spacer\">\n\t\t\t<div class=\"elementor-spacer-inner\"><\/div>\n\t\t<\/div>\n\t\t\t\t\t\t<\/div>\n\t\t\t\t<\/div>\n\t\t\t\t\t<\/div>\n\t\t<\/div>\n\t\t\t\t<div class=\"elementor-column elementor-col-33 elementor-top-column elementor-element elementor-element-514240c\" data-id=\"514240c\" data-element_type=\"column\">\n\t\t\t<div class=\"elementor-widget-wrap elementor-element-populated\">\n\t\t\t\t\t\t<div class=\"elementor-element elementor-element-a99c9e9 elementor-toc--content-ellipsis elementor-toc--minimized-on-tablet elementor-widget elementor-widget-table-of-contents\" data-id=\"a99c9e9\" data-element_type=\"widget\" data-settings=\"{&quot;headings_by_tags&quot;:[&quot;h2&quot;],&quot;exclude_headings_by_selector&quot;:[],&quot;collapse_subitems&quot;:&quot;yes&quot;,&quot;no_headings_message&quot;:&quot;Er zijn geen kopteksten gevonden op deze pagina.&quot;,&quot;marker_view&quot;:&quot;numbers&quot;,&quot;minimize_box&quot;:&quot;yes&quot;,&quot;minimized_on&quot;:&quot;tablet&quot;,&quot;hierarchical_view&quot;:&quot;yes&quot;,&quot;min_height&quot;:{&quot;unit&quot;:&quot;px&quot;,&quot;size&quot;:&quot;&quot;,&quot;sizes&quot;:[]},&quot;min_height_tablet&quot;:{&quot;unit&quot;:&quot;px&quot;,&quot;size&quot;:&quot;&quot;,&quot;sizes&quot;:[]},&quot;min_height_mobile&quot;:{&quot;unit&quot;:&quot;px&quot;,&quot;size&quot;:&quot;&quot;,&quot;sizes&quot;:[]}}\" data-widget_type=\"table-of-contents.default\">\n\t\t\t\t<div class=\"elementor-widget-container\">\n\t\t\t\t\t\t\t<div class=\"elementor-toc__header\">\n\t\t\t<h4 class=\"elementor-toc__header-title\">\n\t\t\t\t\t\t\t<\/h4>\n\t\t\t\t\t\t\t<div class=\"elementor-toc__toggle-button elementor-toc__toggle-button--expand\" role=\"button\" tabindex=\"0\" aria-controls=\"elementor-toc__a99c9e9\" aria-expanded=\"true\" aria-label=\"Ouvrir la table des mati\u00e8res\" data-no-translation-aria-label=\"\"><\/div>\n\t\t\t\t<div class=\"elementor-toc__toggle-button elementor-toc__toggle-button--collapse\" role=\"button\" tabindex=\"0\" aria-controls=\"elementor-toc__a99c9e9\" aria-expanded=\"true\" aria-label=\"Fermer la table des mati\u00e8res\" data-no-translation-aria-label=\"\"><\/div>\n\t\t\t\t\t<\/div>\n\t\t<div id=\"elementor-toc__a99c9e9\" class=\"elementor-toc__body elementor-toc__list-items--collapsible\">\n\t\t\t<div class=\"elementor-toc__spinner-container\">\n\t\t\t\t<i class=\"elementor-toc__spinner eicon-animation-spin eicon-loading\" aria-hidden=\"true\"><\/i>\t\t\t<\/div>\n\t\t<\/div>\n\t\t\t\t\t\t<\/div>\n\t\t\t\t<\/div>\n\t\t\t\t\t<\/div>\n\t\t<\/div>\n\t\t\t\t\t<\/div>\n\t\t<\/section>\n\t\t\t\t<section class=\"elementor-section elementor-top-section elementor-element elementor-element-44c49c2 elementor-section-boxed elementor-section-height-default elementor-section-height-default\" data-id=\"44c49c2\" data-element_type=\"section\" data-settings=\"{&quot;background_background&quot;:&quot;classic&quot;}\">\n\t\t\t\t\t\t<div class=\"elementor-container elementor-column-gap-default\">\n\t\t\t\t\t<div class=\"elementor-column elementor-col-100 elementor-top-column elementor-element elementor-element-0fd572e\" data-id=\"0fd572e\" data-element_type=\"column\">\n\t\t\t<div class=\"elementor-widget-wrap elementor-element-populated\">\n\t\t\t\t\t\t<div class=\"elementor-element elementor-element-6e3b464 elementor-widget elementor-widget-heading\" data-id=\"6e3b464\" data-element_type=\"widget\" data-widget_type=\"heading.default\">\n\t\t\t\t<div class=\"elementor-widget-container\">\n\t\t\t\t\t<h2 class=\"elementor-heading-title elementor-size-default\">Prix du Jeune Musicien de l\u2019ann\u00e9e<\/h2>\t\t\t\t<\/div>\n\t\t\t\t<\/div>\n\t\t\t\t\t<\/div>\n\t\t<\/div>\n\t\t\t\t\t<\/div>\n\t\t<\/section>\n\t\t\t\t<section class=\"elementor-section elementor-top-section elementor-element elementor-element-542d5aa elementor-section-boxed elementor-section-height-default elementor-section-height-default\" data-id=\"542d5aa\" data-element_type=\"section\">\n\t\t\t\t\t\t<div class=\"elementor-container elementor-column-gap-default\">\n\t\t\t\t\t<div class=\"elementor-column elementor-col-16 elementor-top-column elementor-element elementor-element-a97dfdf\" data-id=\"a97dfdf\" data-element_type=\"column\">\n\t\t\t<div class=\"elementor-widget-wrap elementor-element-populated\">\n\t\t\t\t\t\t<div class=\"elementor-element elementor-element-8772f2f elementor-widget elementor-widget-spacer\" data-id=\"8772f2f\" data-element_type=\"widget\" data-widget_type=\"spacer.default\">\n\t\t\t\t<div class=\"elementor-widget-container\">\n\t\t\t\t\t\t\t<div class=\"elementor-spacer\">\n\t\t\t<div class=\"elementor-spacer-inner\"><\/div>\n\t\t<\/div>\n\t\t\t\t\t\t<\/div>\n\t\t\t\t<\/div>\n\t\t\t\t\t<\/div>\n\t\t<\/div>\n\t\t\t\t<div class=\"elementor-column elementor-col-66 elementor-top-column elementor-element elementor-element-eb7d198\" data-id=\"eb7d198\" data-element_type=\"column\">\n\t\t\t<div class=\"elementor-widget-wrap elementor-element-populated\">\n\t\t\t\t\t\t<div class=\"elementor-element elementor-element-64ce041 elementor-widget elementor-widget-heading\" data-id=\"64ce041\" data-element_type=\"widget\" data-widget_type=\"heading.default\">\n\t\t\t\t<div class=\"elementor-widget-container\">\n\t\t\t\t\t<h4 class=\"elementor-heading-title elementor-size-default\">Liste des artistes nomin\u00e9s pour le Prix du Jeune Musicien de l\u2019Ann\u00e9e 2024 (NL)\n<\/h4>\t\t\t\t<\/div>\n\t\t\t\t<\/div>\n\t\t\t\t<div class=\"elementor-element elementor-element-e22194d elementor-widget elementor-widget-text-editor\" data-id=\"e22194d\" data-element_type=\"widget\" data-widget_type=\"text-editor.default\">\n\t\t\t\t<div class=\"elementor-widget-container\">\n\t\t\t\t\t\t\t\t\t<p class=\"p1\"><i><i> Le Prix du Jeune Musicien de l\u2019Ann\u00e9e est attribu\u00e9 alternativement \u00e0 un(e) artiste n\u00e9erlandophone et \u00e0 un(e) artiste francophone ou germanophone. <\/i><\/i><\/p>\n<p class=\"p3\">Alexander De Clercq, piano, clarinette<\/p><p class=\"p3\">Brecht Valckenaers, piano, componist<\/p><p class=\"p3\">Roeland Vermeulen, piano<\/p><p class=\"p3\">Leander Carlier, bariton<\/p><p class=\"p3\">Stan Geubens, theorbe<\/p><p class=\"p3\">Esther-Elisabet Rispens, soprano<\/p>\t\t\t\t\t\t\t\t<\/div>\n\t\t\t\t<\/div>\n\t\t\t\t\t<\/div>\n\t\t<\/div>\n\t\t\t\t<div class=\"elementor-column elementor-col-16 elementor-top-column elementor-element elementor-element-582817b\" data-id=\"582817b\" data-element_type=\"column\">\n\t\t\t<div class=\"elementor-widget-wrap elementor-element-populated\">\n\t\t\t\t\t\t<div class=\"elementor-element elementor-element-2e598b2 elementor-widget elementor-widget-spacer\" data-id=\"2e598b2\" data-element_type=\"widget\" data-widget_type=\"spacer.default\">\n\t\t\t\t<div class=\"elementor-widget-container\">\n\t\t\t\t\t\t\t<div class=\"elementor-spacer\">\n\t\t\t<div class=\"elementor-spacer-inner\"><\/div>\n\t\t<\/div>\n\t\t\t\t\t\t<\/div>\n\t\t\t\t<\/div>\n\t\t\t\t\t<\/div>\n\t\t<\/div>\n\t\t\t\t\t<\/div>\n\t\t<\/section>\n\t\t\t\t<section class=\"elementor-section elementor-top-section elementor-element elementor-element-1fdfdf7 elementor-section-boxed elementor-section-height-default elementor-section-height-default\" data-id=\"1fdfdf7\" data-element_type=\"section\">\n\t\t\t\t\t\t<div class=\"elementor-container elementor-column-gap-default\">\n\t\t\t\t\t<div class=\"elementor-column elementor-col-33 elementor-top-column elementor-element elementor-element-660d72f\" data-id=\"660d72f\" data-element_type=\"column\">\n\t\t\t<div class=\"elementor-widget-wrap elementor-element-populated\">\n\t\t\t\t\t\t<div class=\"elementor-element elementor-element-6abb542 elementor-widget elementor-widget-image\" data-id=\"6abb542\" data-element_type=\"widget\" data-widget_type=\"image.default\">\n\t\t\t\t<div class=\"elementor-widget-container\">\n\t\t\t\t\t\t\t\t\t\t\t\t<figure class=\"wp-caption\">\n\t\t\t\t\t\t\t\t\t\t<img decoding=\"async\" src=\"https:\/\/muziekpers-pressemusicale.be\/wp-content\/uploads\/elementor\/thumbs\/Scherm\u00adafbeelding-2025-03-12-om-15.52.52-r2r86oair39vlhzuvf2nlu1iy540su3zv6kxr6sm5c.png\" title=\"Esther-Elisabeth Rispens\" alt=\"Esther-Elisabeth Rispens\" loading=\"lazy\" \/>\t\t\t\t\t\t\t\t\t\t\t<figcaption class=\"widget-image-caption wp-caption-text\"><\/figcaption>\n\t\t\t\t\t\t\t\t\t\t<\/figure>\n\t\t\t\t\t\t\t\t\t<\/div>\n\t\t\t\t<\/div>\n\t\t\t\t\t<\/div>\n\t\t<\/div>\n\t\t\t\t<div class=\"elementor-column elementor-col-66 elementor-top-column elementor-element elementor-element-87ade71\" data-id=\"87ade71\" data-element_type=\"column\">\n\t\t\t<div class=\"elementor-widget-wrap elementor-element-populated\">\n\t\t\t\t\t\t<div class=\"elementor-element elementor-element-76ab9d3 elementor-widget elementor-widget-heading\" data-id=\"76ab9d3\" data-element_type=\"widget\" data-widget_type=\"heading.default\">\n\t\t\t\t<div class=\"elementor-widget-container\">\n\t\t\t\t\t<h4 class=\"elementor-heading-title elementor-size-default\">Laur\u00e9ate<\/h4>\t\t\t\t<\/div>\n\t\t\t\t<\/div>\n\t\t\t\t<div class=\"elementor-element elementor-element-108b41c elementor-widget elementor-widget-text-editor\" data-id=\"108b41c\" data-element_type=\"widget\" data-widget_type=\"text-editor.default\">\n\t\t\t\t<div class=\"elementor-widget-container\">\n\t\t\t\t\t\t\t\t\t<p>Esther-Elisabeth Rispens est une mezzo-soprano polyvalente, anim\u00e9e par une curiosit\u00e9 sans limites pour de nouvelles formes de performance. Son horizon artistique s\u2019\u00e9tend de la musique contemporaine et du th\u00e9\u00e2tre musical exp\u00e9rimental aux r\u00e9citals de m\u00e9lodies classique. Pouss\u00e9e par un d\u00e9sir constant de se renouveler, elle explore et repousse ses limites artistiques \u00e0 chaque projet.<\/p><p>Apr\u00e8s sa formation en chant classique, Esther-Elisabeth Rispens s\u2019est produite sur sc\u00e8ne en Belgique, aux Pays-Bas, en France, en Allemagne, en Autriche, en Italie, en Gr\u00e8ce et en Hongrie. Ses performances sont internationalement chaleureusement accueillies par le public et la presse en raison de sa virtuosit\u00e9 exceptionnelle, de sa vaste \u00e9tendue vocale et de sa pr\u00e9sence sc\u00e9nique intense.\u00a0<\/p><p>L\u2019un des moments forts de ces derni\u00e8res ann\u00e9es est entre autre son lien privil\u00e9gi\u00e9 avec la Biennale de Venise, o\u00f9 elle a fait ses d\u00e9buts en 2019 dans le r\u00f4le principal de\u00a0<em>A Pirate Who Does Not Know the Value of Pi<\/em>, une cr\u00e9ation mondiale de la compositrice Lucia Ronchetti. En 2022, elle a \u00e9t\u00e9 s\u00e9lectionn\u00e9e comme membre du Biennale College, un programme prestigieux destin\u00e9 aux jeunes artistes prometteurs. Pendant la m\u00eame p\u00e9riode, elle a interpr\u00e9t\u00e9 le r\u00f4le principal dans\u00a0<em>Into the Little Hill<\/em>\u00a0de George Benjamin au M\u00fcpa Concert Hall de Budapest, sous la direction de Gregory Vajda et dans une mise en sc\u00e8ne de Csaba Horv\u00e1th. Plus r\u00e9cemment, elle a \u00e9t\u00e9 acclam\u00e9e pour son interpr\u00e9tation virtuose de\u00a0<em>Sequenza III<\/em>\u00a0de Luciano Berio, en collaboration avec Not Standing &amp; Alexander Vantournhout, \u00e0 Bozar, Bruxelles.<\/p><p>Son amour pour la th\u00e9\u00e2tralit\u00e9 de la musique contemporaine se refl\u00e8te dans le duo Goggles, qu\u2019elle a fond\u00e9 avec Wim Pelgrims (percussion) en 2020. En 2022, Goggles est laur\u00e9ate du concours Supernova organis\u00e9 par le Klarafestival, radio flamande. Le duo s\u2019est produit cette saison-l\u00e0 entre autre \u00e0 Bozar, Flagey, au Concertgebouw de Bruges et au Kunstenfestival Watou \u00e0 Ypres. Lors de la Bijloke Summer Academy (Gand, 2020), le duo a cr\u00e9\u00e9 le spectacle\u00a0<em>A Room.\u00a0<\/em>en collaboration avec le compositeur belge Thomas Smetryns. Cette musique a \u00e9t\u00e9 enregistr\u00e9e \u00e0 De Bijloke sur un CD. En novembre 2024, Goggles \u00e0 cr\u00e9er\u00a0<em>Let\u2019s Be Real<\/em>\u00a0(14+) avec une premi\u00e8re \u00e0 De Bijloke, en collaboration avec Muziektheater Transparant et le compositeur\/metteur-en-sc\u00e8ne Jonathan Bonny, dans une sc\u00e9nographie d\u2019A\u00efda Gabri\u00ebls.\u00a0<em>Let\u2019s Be Real<\/em>\u00a0sera encore jou\u00e9 lors de la saison 25-26, notamment au cc Het Bolwerk (Vilvoorde) et au cc Sint-Niklaas.<\/p><p>Esther-Elisabeth Rispens est la chanteuse de l\u2019ensemble Nem\u00f8 : un jeune collectif qui revisite la musique contemporaine et exp\u00e9rimentale de mani\u00e8re nouvelle et moderne. Nem\u00f8 a d\u00e9j\u00e0 \u00e9t\u00e9 invit\u00e9 sur des sc\u00e8nes telles que De Singel (Anvers) \u2013 aux c\u00f4t\u00e9s de l\u2019Ensemble HERMES -, De Bijloke (Gand), et lors de la International Summercourse Darmstadt, avec l\u2019Ensemble Nadar.<\/p><p>Depuis 2023, Esther-\u00c9lisabeth Rispens fait \u00e9galement partie de HYOID voices, un ensemble vocal d\u00e9di\u00e9 \u00e0 la musique contemporaine. Elle participe \u00e0 la production immersive\u00a0<em>A-Ronne<\/em>\u00a0de Luciano Berio (juin 2023 -\u2026), mis-en-sc\u00e8ne par Joris Lacoste et Claire Croiz\u00e9, ainsi qu\u2019\u00e0 la production RELICS en collaboration avec l\u2019ensemble Spectra (octobre 2023). Les deux sous la direction musicale de Filip Rath\u00e9.<\/p><p>Esther-Elisabeth Rispens a obtenu son master en chant classique \u00e0 la School of Arts de Gand, dans la classe de chant de Mireille Capelle (2017). De 2014 \u00e0 2018, elle a \u00e9galement suivi des cours avec le baryton Louis Landuyt, et actuellement, elle travaille avec Donatienne Michel-Dansac (Paris) et avec Don Marrazzo (\u00c9tats-Unis). Esther-Elisabeth Rispens a \u00e9galement particip\u00e9 \u00e0 diverses masterclasses et festivals de musique, tels que la International Summercourse Darmstadt (Allemagne), l\u2019Acad\u00e9mie f\u00fcr Zeitgen\u00f6ssische Musik \u00e0 Lucerne (Suisse), l\u2019Impuls Festival (Autriche), et l\u2019Abbaye de Royaumont (France).<\/p><p>Esther-Elisabeth Rispens est mont\u00e9e sur sc\u00e8ne tr\u00e8s t\u00f4t. Apr\u00e8s ses premiers pas dans les ch\u0153urs d\u2019enfants de la Monnaie \u00e0 Bruxelles, elle a chant\u00e9, \u00e0 l\u2019\u00e2ge de quinze ans, le r\u00f4le principal de \u2018Captain\u2019 dans\u00a0<em>The Golden Vanity<\/em>\u00a0de Benjamin Britten \u00e0 la Monnaie. Ensuite, elle a interpr\u00e9t\u00e9 le r\u00f4le de \u2018Becky Tatcher\u2019 dans\u00a0<em>Tom Sawyer<\/em>\u00a0de David Miller (Ars Lyrica). Elle a \u00e9galement cr\u00e9\u00e9, \u00e0 un jeune \u00e2ge, la pi\u00e8ce\u00a0<em>A Romantic Environment<\/em>\u00a0du compositeur belge Thomas Smetryns (Matrix).<\/p>\t\t\t\t\t\t\t\t<\/div>\n\t\t\t\t<\/div>\n\t\t\t\t\t<\/div>\n\t\t<\/div>\n\t\t\t\t\t<\/div>\n\t\t<\/section>\n\t\t\t\t<section class=\"elementor-section elementor-top-section elementor-element elementor-element-c89d4c4 elementor-section-boxed elementor-section-height-default elementor-section-height-default\" data-id=\"c89d4c4\" data-element_type=\"section\" data-settings=\"{&quot;background_background&quot;:&quot;classic&quot;}\">\n\t\t\t\t\t\t<div class=\"elementor-container elementor-column-gap-default\">\n\t\t\t\t\t<div class=\"elementor-column elementor-col-100 elementor-top-column elementor-element elementor-element-9959ad8\" data-id=\"9959ad8\" data-element_type=\"column\">\n\t\t\t<div class=\"elementor-widget-wrap elementor-element-populated\">\n\t\t\t\t\t\t<div class=\"elementor-element elementor-element-15de928 elementor-widget elementor-widget-heading\" data-id=\"15de928\" data-element_type=\"widget\" data-widget_type=\"heading.default\">\n\t\t\t\t<div class=\"elementor-widget-container\">\n\t\t\t\t\t<h2 class=\"elementor-heading-title elementor-size-default\">Composition du jury<\/h2>\t\t\t\t<\/div>\n\t\t\t\t<\/div>\n\t\t\t\t\t<\/div>\n\t\t<\/div>\n\t\t\t\t\t<\/div>\n\t\t<\/section>\n\t\t\t\t<section class=\"elementor-section elementor-top-section elementor-element elementor-element-16fea7f elementor-section-boxed elementor-section-height-default elementor-section-height-default\" data-id=\"16fea7f\" data-element_type=\"section\">\n\t\t\t\t\t\t<div class=\"elementor-container elementor-column-gap-default\">\n\t\t\t\t\t<div class=\"elementor-column elementor-col-100 elementor-top-column elementor-element elementor-element-2516999\" data-id=\"2516999\" data-element_type=\"column\">\n\t\t\t<div class=\"elementor-widget-wrap elementor-element-populated\">\n\t\t\t\t\t\t<div class=\"elementor-element elementor-element-a00d192 elementor-widget elementor-widget-text-editor\" data-id=\"a00d192\" data-element_type=\"widget\" data-widget_type=\"text-editor.default\">\n\t\t\t\t<div class=\"elementor-widget-container\">\n\t\t\t\t\t\t\t\t\t<p><span style=\"font-weight: bolder;\">Patrice Lieberman<\/span><br \/>(Pr\u00e9sident de l\u2019Union de la Presse Musicale Belge, Crescendo)<\/p><p><strong>Roger Creyf<\/strong> <br \/>(Klassiek Centraal)<\/p><p><strong>Jasper Croonen<\/strong> <br \/>(De Standaard, BRUZZ)<\/p><p><strong>Helena Gaudeus<\/strong> <br \/>(Klassiek Centraal)<\/p><p><span style=\"font-weight: bolder;\">Ga\u00eblle Moury<br \/><\/span>(Le Soir)<\/p><p><strong>St\u00e9phane Renard<br \/><\/strong>(L\u2019\u00c9cho)<\/p><p><strong>Olivier Vrins <\/strong><br \/>(Crescendo)<\/p><p><span style=\"font-weight: bolder;\">Martine Mergeay<\/span><br \/>(La Libre Belgique)<\/p>\t\t\t\t\t\t\t\t<\/div>\n\t\t\t\t<\/div>\n\t\t\t\t\t<\/div>\n\t\t<\/div>\n\t\t\t\t\t<\/div>\n\t\t<\/section>\n\t\t\t\t<\/div>","protected":false},"excerpt":{"rendered":"<p>Cecilia Prijzen | 2024 Jonge Musicus van het Jaar Preselectie voor de Prijs van de Jonge Musicus van het Jaar 2024 (NL) De Prijs van de Jonge Musicus van het Jaar wordt afwisselend toegekend aan een Nederlandstalige en een Franstalige of Duitstalige musicus. Alexander De Clercq, piano, klarinet Brecht Valckenaers, piano, componist Roeland Vermeulen, piano [&hellip;]<\/p>","protected":false},"author":2,"featured_media":0,"parent":0,"menu_order":0,"comment_status":"closed","ping_status":"closed","template":"elementor_header_footer","meta":{"footnotes":""},"class_list":["post-1407","page","type-page","status-publish","hentry"],"_links":{"self":[{"href":"https:\/\/muziekpers-pressemusicale.be\/fr\/wp-json\/wp\/v2\/pages\/1407","targetHints":{"allow":["GET"]}}],"collection":[{"href":"https:\/\/muziekpers-pressemusicale.be\/fr\/wp-json\/wp\/v2\/pages"}],"about":[{"href":"https:\/\/muziekpers-pressemusicale.be\/fr\/wp-json\/wp\/v2\/types\/page"}],"author":[{"embeddable":true,"href":"https:\/\/muziekpers-pressemusicale.be\/fr\/wp-json\/wp\/v2\/users\/2"}],"replies":[{"embeddable":true,"href":"https:\/\/muziekpers-pressemusicale.be\/fr\/wp-json\/wp\/v2\/comments?post=1407"}],"version-history":[{"count":13,"href":"https:\/\/muziekpers-pressemusicale.be\/fr\/wp-json\/wp\/v2\/pages\/1407\/revisions"}],"predecessor-version":[{"id":1426,"href":"https:\/\/muziekpers-pressemusicale.be\/fr\/wp-json\/wp\/v2\/pages\/1407\/revisions\/1426"}],"wp:attachment":[{"href":"https:\/\/muziekpers-pressemusicale.be\/fr\/wp-json\/wp\/v2\/media?parent=1407"}],"curies":[{"name":"wp","href":"https:\/\/api.w.org\/{rel}","templated":true}]}}